{"id":3215,"date":"2024-04-25T09:26:05","date_gmt":"2024-04-25T09:26:05","guid":{"rendered":"https:\/\/www.riverhillwater.com\/product\/riips\/"},"modified":"2025-05-30T04:21:33","modified_gmt":"2025-05-30T04:21:33","slug":"riips","status":"publish","type":"product","link":"https:\/\/www.riverhillwater.com\/es\/product\/riips\/","title":{"rendered":"RIIPS"},"content":{"rendered":"[vc_row type=\u00bbin_container\u00bb full_screen_row_position=\u00bbmiddle\u00bb column_margin=\u00bbdefault\u00bb column_direction=\u00bbdefault\u00bb column_direction_tablet=\u00bbdefault\u00bb column_direction_phone=\u00bbdefault\u00bb bg_color=\u00bb#eeeeee\u00bb scene_position=\u00bbcenter\u00bb top_padding=\u00bb4%\u00bb bottom_padding=\u00bb5%\u00bb left_padding_desktop=\u00bb5%\u00bb constrain_group_2=\u00bbyes\u00bb right_padding_desktop=\u00bb5%\u00bb top_padding_phone=\u00bb3%\u00bb bottom_padding_phone=\u00bb3%\u00bb left_padding_phone=\u00bb5%\u00bb constrain_group_6=\u00bbyes\u00bb right_padding_phone=\u00bb5%\u00bb text_color=\u00bbdark\u00bb text_align=\u00bbleft\u00bb row_border_radius=\u00bbnone\u00bb row_border_radius_applies=\u00bbbg\u00bb overflow=\u00bbvisible\u00bb overlay_strength=\u00bb0.3&#8243; gradient_direction=\u00bbleft_to_right\u00bb shape_divider_position=\u00bbbottom\u00bb bg_image_animation=\u00bbnone\u00bb gradient_type=\u00bbdefault\u00bb shape_type=\u00bb\u00bb][vc_column column_padding=\u00bbno-extra-padding\u00bb column_padding_tablet=\u00bbinherit\u00bb column_padding_phone=\u00bbinherit\u00bb column_padding_position=\u00bball\u00bb column_element_direction_desktop=\u00bbdefault\u00bb column_element_spacing=\u00bbdefault\u00bb desktop_text_alignment=\u00bbdefault\u00bb tablet_text_alignment=\u00bbdefault\u00bb phone_text_alignment=\u00bbdefault\u00bb background_color_opacity=\u00bb1&#8243; background_hover_color_opacity=\u00bb1&#8243; column_backdrop_filter=\u00bbnone\u00bb column_shadow=\u00bbnone\u00bb column_border_radius=\u00bbnone\u00bb column_link_target=\u00bb_self\u00bb column_position=\u00bbdefault\u00bb gradient_direction=\u00bbleft_to_right\u00bb overlay_strength=\u00bb0.3&#8243; width=\u00bb1\/1&#8243; tablet_width_inherit=\u00bbdefault\u00bb animation_type=\u00bbdefault\u00bb bg_image_animation=\u00bbnone\u00bb border_type=\u00bbsimple\u00bb column_border_width=\u00bbnone\u00bb column_border_style=\u00bbsolid\u00bb][vc_row_inner column_margin=\u00bbdefault\u00bb column_direction=\u00bbdefault\u00bb column_direction_tablet=\u00bbdefault\u00bb column_direction_phone=\u00bbdefault\u00bb text_align=\u00bbleft\u00bb row_position=\u00bbdefault\u00bb row_position_tablet=\u00bbinherit\u00bb row_position_phone=\u00bbinherit\u00bb overflow=\u00bbvisible\u00bb pointer_events=\u00bball\u00bb][vc_column_inner column_padding=\u00bbno-extra-padding\u00bb column_padding_tablet=\u00bbinherit\u00bb column_padding_phone=\u00bbpadding-3-percent\u00bb column_padding_position=\u00bbtop\u00bb column_element_direction_desktop=\u00bbdefault\u00bb column_element_spacing=\u00bbdefault\u00bb desktop_text_alignment=\u00bbdefault\u00bb tablet_text_alignment=\u00bbdefault\u00bb phone_text_alignment=\u00bbdefault\u00bb background_color_opacity=\u00bb1&#8243; background_hover_color_opacity=\u00bb1&#8243; column_backdrop_filter=\u00bbnone\u00bb column_shadow=\u00bbnone\u00bb column_border_radius=\u00bbnone\u00bb column_link_target=\u00bb_self\u00bb overflow=\u00bbvisible\u00bb gradient_direction=\u00bbleft_to_right\u00bb overlay_strength=\u00bb0.3&#8243; width=\u00bb1\/1&#8243; tablet_width_inherit=\u00bbdefault\u00bb animation_type=\u00bbdefault\u00bb bg_image_animation=\u00bbnone\u00bb border_type=\u00bbsimple\u00bb column_border_width=\u00bbnone\u00bb column_border_style=\u00bbsolid\u00bb column_padding_type=\u00bbdefault\u00bb gradient_type=\u00bbdefault\u00bb][split_line_heading animation_type=\u00bbline-reveal-by-space\u00bb font_style=\u00bbh1&#8243; text_color=\u00bb#000000&#8243; line_reveal_by_space_text_effect=\u00bbnone\u00bb content_alignment=\u00bbdefault\u00bb mobile_content_alignment=\u00bbinherit\u00bb link_target=\u00bb_self\u00bb text_content=\u00bbDescargar fichas de producto\u00bb font_size=\u00bb33px\u00bb font_line_height=\u00bb40px\u00bb text_direction=\u00bbdefault\u00bb font_size_phone=\u00bb27px\u00bb][\/split_line_heading][\/vc_column_inner][\/vc_row_inner][vc_row_inner equal_height=\u00bbyes\u00bb column_margin=\u00bbdefault\u00bb column_direction=\u00bbdefault\u00bb column_direction_tablet=\u00bbdefault\u00bb column_direction_phone=\u00bbdefault\u00bb constrain_group_1=\u00bbyes\u00bb text_align=\u00bbleft\u00bb row_position=\u00bbdefault\u00bb row_position_tablet=\u00bbinherit\u00bb row_position_phone=\u00bbinherit\u00bb overflow=\u00bbvisible\u00bb pointer_events=\u00bball\u00bb][vc_column_inner column_padding=\u00bbno-extra-padding\u00bb column_padding_tablet=\u00bbinherit\u00bb column_padding_phone=\u00bbinherit\u00bb column_padding_position=\u00bball\u00bb column_element_direction_desktop=\u00bbdefault\u00bb column_element_spacing=\u00bbdefault\u00bb desktop_text_alignment=\u00bbdefault\u00bb tablet_text_alignment=\u00bbdefault\u00bb phone_text_alignment=\u00bbdefault\u00bb background_color_opacity=\u00bb1&#8243; background_hover_color_opacity=\u00bb1&#8243; column_backdrop_filter=\u00bbnone\u00bb column_shadow=\u00bbnone\u00bb column_border_radius=\u00bbnone\u00bb column_link_target=\u00bb_self\u00bb overflow=\u00bbvisible\u00bb gradient_direction=\u00bbleft_to_right\u00bb overlay_strength=\u00bb0.3&#8243; width=\u00bb2\/3&#8243; tablet_width_inherit=\u00bbdefault\u00bb animation_type=\u00bbdefault\u00bb bg_image_animation=\u00bbnone\u00bb border_type=\u00bbsimple\u00bb column_border_width=\u00bbnone\u00bb column_border_style=\u00bbsolid\u00bb][split_line_heading animation_type=\u00bbline-reveal-by-space\u00bb font_style=\u00bbh1&#8243; text_color=\u00bb#000000&#8243; line_reveal_by_space_text_effect=\u00bbnone\u00bb content_alignment=\u00bbdefault\u00bb mobile_content_alignment=\u00bbinherit\u00bb link_target=\u00bb_self\u00bb text_content=\u00bbSerie RIIPS &#8211; Folleto\u00bb font_size=\u00bb23px\u00bb font_line_height=\u00bb30px\u00bb text_direction=\u00bbdefault\u00bb font_size_phone=\u00bb15px\u00bb][\/split_line_heading][\/vc_column_inner][vc_column_inner column_padding=\u00bbno-extra-padding\u00bb column_padding_tablet=\u00bbinherit\u00bb column_padding_phone=\u00bbpadding-7-percent\u00bb column_padding_position=\u00bbbottom\u00bb top_margin_phone=\u00bb7%\u00bb column_element_direction_desktop=\u00bbdefault\u00bb column_element_spacing=\u00bbdefault\u00bb desktop_text_alignment=\u00bbdefault\u00bb tablet_text_alignment=\u00bbdefault\u00bb phone_text_alignment=\u00bbdefault\u00bb background_color_opacity=\u00bb1&#8243; background_hover_color_opacity=\u00bb1&#8243; column_backdrop_filter=\u00bbnone\u00bb column_shadow=\u00bbnone\u00bb column_border_radius=\u00bbnone\u00bb column_link_target=\u00bb_self\u00bb overflow=\u00bbvisible\u00bb gradient_direction=\u00bbleft_to_right\u00bb overlay_strength=\u00bb0.3&#8243; width=\u00bb1\/3&#8243; tablet_width_inherit=\u00bbdefault\u00bb animation_type=\u00bbdefault\u00bb bg_image_animation=\u00bbnone\u00bb border_type=\u00bbsimple\u00bb column_border_width=\u00bbnone\u00bb column_border_style=\u00bbsolid\u00bb column_padding_type=\u00bbdefault\u00bb gradient_type=\u00bbdefault\u00bb][nectar_cta btn_style=\u00bbsee-through\u00bb heading_tag=\u00bbspan\u00bb border_radius=\u00bb40px\u00bb button_color=\u00bbdefault\u00bb button_color_hover=\u00bb#0059a2&#8243; text_color=\u00bb#0059a2&#8243; text_color_hover=\u00bb#ffffff\u00bb button_border_color=\u00bb#0059a2&#8243; button_border_color_hover=\u00bb#0059a2&#8243; button_border_thickness=\u00bb2px\u00bb link_type=\u00bbregular\u00bb alignment=\u00bbcenter\u00bb alignment_tablet=\u00bbleft\u00bb alignment_phone=\u00bbleft\u00bb constrain_group_3=\u00bbyes\u00bb constrain_group_4=\u00bbyes\u00bb display=\u00bbblock\u00bb display_tablet=\u00bbinherit\u00bb display_phone=\u00bbinherit\u00bb font_size_desktop=\u00bb12px\u00bb url=\u00bbhttps:\/\/www.riverhillwater.com\/wp-content\/uploads\/2024\/05\/RIVERHILL_Water_Booster_Pump_System_ProductCatalogue_2024.pdf\u00bb padding_top=\u00bb18px\u00bb padding_bottom=\u00bb18px\u00bb padding_left=\u00bb35px\u00bb padding_right=\u00bb35px\u00bb link_text=\u00bbDESCARGAR\u00bb font_size_phone=\u00bb12px\u00bb][\/vc_column_inner][\/vc_row_inner][\/vc_column][\/vc_row]\n","protected":false},"excerpt":{"rendered":"<p><strong>Sala de bombas Inteligente integrada RIIPS &#8211; Estaci\u00f3n de bombeo de Refuerzo<\/strong><\/p>\n<p>La sala de bombas inteligente integrada se utiliza principalmente para el riego de tierras agr\u00edcolas. Equivale a una estaci\u00f3n de riego renovada. Se compone principalmente de tres sistemas: el sistema de bombeo de agua, el sistema de tuber\u00edas, el sistema de control inteligente y otros componentes como fijaciones, etc.<\/p>\n<p>El sistema de tuber\u00edas de la sala de bombas inteligente consta principalmente de tuber\u00edas de entrada y salida de agua, juntas flexibles de salida, sistemas de tuber\u00edas de presi\u00f3n, caudal\u00edmetros y v\u00e1lvulas el\u00e9ctricas. Las v\u00e1lvulas el\u00e9ctricas pueden estar hechas de bolas de fundici\u00f3n y tuber\u00edas de vac\u00edo.<\/p>\n<p>El sistema de control inteligente de la sala de bombas inteligente consta principalmente de un armario de control inteligente, un sensor de nivel de l\u00edquido y accesorios de instalaci\u00f3n. Al igual que la estaci\u00f3n de bombeo de elevaci\u00f3n integrada, el armario de control inteligente tambi\u00e9n se utiliza en conjunto con la estaci\u00f3n de bombeo. Cuenta con interfaces Ethernet y 485 reservadas, incluyendo un m\u00f3dulo de monitorizaci\u00f3n remota inal\u00e1mbrica.<\/p>\n","protected":false},"featured_media":3216,"template":"","meta":[],"product_brand":[],"product_cat":[59],"product_tag":[],"class_list":{"0":"post-3215","1":"product","2":"type-product","3":"status-publish","4":"has-post-thumbnail","6":"product_cat-water_supply_equipment-es","8":"first","9":"instock","10":"shipping-taxable","11":"product-type-simple"},"_links":{"self":[{"href":"https:\/\/www.riverhillwater.com\/es\/wp-json\/wp\/v2\/product\/3215","targetHints":{"allow":["GET"]}}],"collection":[{"href":"https:\/\/www.riverhillwater.com\/es\/wp-json\/wp\/v2\/product"}],"about":[{"href":"https:\/\/www.riverhillwater.com\/es\/wp-json\/wp\/v2\/types\/product"}],"wp:featuredmedia":[{"embeddable":true,"href":"https:\/\/www.riverhillwater.com\/es\/wp-json\/wp\/v2\/media\/3216"}],"wp:attachment":[{"href":"https:\/\/www.riverhillwater.com\/es\/wp-json\/wp\/v2\/media?parent=3215"}],"wp:term":[{"taxonomy":"product_brand","embeddable":true,"href":"https:\/\/www.riverhillwater.com\/es\/wp-json\/wp\/v2\/product_brand?post=3215"},{"taxonomy":"product_cat","embeddable":true,"href":"https:\/\/www.riverhillwater.com\/es\/wp-json\/wp\/v2\/product_cat?post=3215"},{"taxonomy":"product_tag","embeddable":true,"href":"https:\/\/www.riverhillwater.com\/es\/wp-json\/wp\/v2\/product_tag?post=3215"}],"curies":[{"name":"wp","href":"https:\/\/api.w.org\/{rel}","templated":true}]}}