{"id":3213,"date":"2024-04-25T09:26:05","date_gmt":"2024-04-25T09:26:05","guid":{"rendered":"https:\/\/www.riverhillwater.com\/product\/riips\/"},"modified":"2025-05-30T04:20:02","modified_gmt":"2025-05-30T04:20:02","slug":"riips","status":"publish","type":"product","link":"https:\/\/www.riverhillwater.com\/pt-br\/product\/riips\/","title":{"rendered":"RIIPS"},"content":{"rendered":"[vc_row type=&#8221;in_container&#8221; full_screen_row_position=&#8221;middle&#8221; column_margin=&#8221;default&#8221; column_direction=&#8221;default&#8221; column_direction_tablet=&#8221;default&#8221; column_direction_phone=&#8221;default&#8221; bg_color=&#8221;#eeeeee&#8221; scene_position=&#8221;center&#8221; top_padding=&#8221;4%&#8221; bottom_padding=&#8221;5%&#8221; left_padding_desktop=&#8221;5%&#8221; constrain_group_2=&#8221;yes&#8221; right_padding_desktop=&#8221;5%&#8221; top_padding_phone=&#8221;3%&#8221; bottom_padding_phone=&#8221;3%&#8221; left_padding_phone=&#8221;5%&#8221; constrain_group_6=&#8221;yes&#8221; right_padding_phone=&#8221;5%&#8221; text_color=&#8221;dark&#8221; text_align=&#8221;left&#8221; row_border_radius=&#8221;none&#8221; row_border_radius_applies=&#8221;bg&#8221; overflow=&#8221;visible&#8221; overlay_strength=&#8221;0.3&#8243; gradient_direction=&#8221;left_to_right&#8221; shape_divider_position=&#8221;bottom&#8221; bg_image_animation=&#8221;none&#8221; gradient_type=&#8221;default&#8221; shape_type=&#8221;&#8221;][vc_column column_padding=&#8221;no-extra-padding&#8221; column_padding_tablet=&#8221;inherit&#8221; column_padding_phone=&#8221;inherit&#8221; column_padding_position=&#8221;all&#8221; column_element_direction_desktop=&#8221;default&#8221; column_element_spacing=&#8221;default&#8221; desktop_text_alignment=&#8221;default&#8221; tablet_text_alignment=&#8221;default&#8221; phone_text_alignment=&#8221;default&#8221; background_color_opacity=&#8221;1&#8243; background_hover_color_opacity=&#8221;1&#8243; column_backdrop_filter=&#8221;none&#8221; column_shadow=&#8221;none&#8221; column_border_radius=&#8221;none&#8221; column_link_target=&#8221;_self&#8221; column_position=&#8221;default&#8221; gradient_direction=&#8221;left_to_right&#8221; overlay_strength=&#8221;0.3&#8243; width=&#8221;1\/1&#8243; tablet_width_inherit=&#8221;default&#8221; animation_type=&#8221;default&#8221; bg_image_animation=&#8221;none&#8221; border_type=&#8221;simple&#8221; column_border_width=&#8221;none&#8221; column_border_style=&#8221;solid&#8221;][vc_row_inner column_margin=&#8221;default&#8221; column_direction=&#8221;default&#8221; column_direction_tablet=&#8221;default&#8221; column_direction_phone=&#8221;default&#8221; text_align=&#8221;left&#8221; row_position=&#8221;default&#8221; row_position_tablet=&#8221;inherit&#8221; row_position_phone=&#8221;inherit&#8221; overflow=&#8221;visible&#8221; pointer_events=&#8221;all&#8221;][vc_column_inner column_padding=&#8221;no-extra-padding&#8221; column_padding_tablet=&#8221;inherit&#8221; column_padding_phone=&#8221;padding-3-percent&#8221; column_padding_position=&#8221;top&#8221; column_element_direction_desktop=&#8221;default&#8221; column_element_spacing=&#8221;default&#8221; desktop_text_alignment=&#8221;default&#8221; tablet_text_alignment=&#8221;default&#8221; phone_text_alignment=&#8221;default&#8221; background_color_opacity=&#8221;1&#8243; background_hover_color_opacity=&#8221;1&#8243; column_backdrop_filter=&#8221;none&#8221; column_shadow=&#8221;none&#8221; column_border_radius=&#8221;none&#8221; column_link_target=&#8221;_self&#8221; overflow=&#8221;visible&#8221; gradient_direction=&#8221;left_to_right&#8221; overlay_strength=&#8221;0.3&#8243; width=&#8221;1\/1&#8243; tablet_width_inherit=&#8221;default&#8221; animation_type=&#8221;default&#8221; bg_image_animation=&#8221;none&#8221; border_type=&#8221;simple&#8221; column_border_width=&#8221;none&#8221; column_border_style=&#8221;solid&#8221; column_padding_type=&#8221;default&#8221; gradient_type=&#8221;default&#8221;][split_line_heading animation_type=&#8221;line-reveal-by-space&#8221; font_style=&#8221;h1&#8243; text_color=&#8221;#000000&#8243; line_reveal_by_space_text_effect=&#8221;none&#8221; content_alignment=&#8221;default&#8221; mobile_content_alignment=&#8221;inherit&#8221; link_target=&#8221;_self&#8221; text_content=&#8221;Baixar fichas t\u00e9cnicas de produtos&#8221; font_size=&#8221;33px&#8221; font_line_height=&#8221;40px&#8221; text_direction=&#8221;default&#8221; font_size_phone=&#8221;27px&#8221;][\/split_line_heading][\/vc_column_inner][\/vc_row_inner][vc_row_inner equal_height=&#8221;yes&#8221; column_margin=&#8221;default&#8221; column_direction=&#8221;default&#8221; column_direction_tablet=&#8221;default&#8221; column_direction_phone=&#8221;default&#8221; constrain_group_1=&#8221;yes&#8221; text_align=&#8221;left&#8221; row_position=&#8221;default&#8221; row_position_tablet=&#8221;inherit&#8221; row_position_phone=&#8221;inherit&#8221; overflow=&#8221;visible&#8221; pointer_events=&#8221;all&#8221;][vc_column_inner column_padding=&#8221;no-extra-padding&#8221; column_padding_tablet=&#8221;inherit&#8221; column_padding_phone=&#8221;inherit&#8221; column_padding_position=&#8221;all&#8221; column_element_direction_desktop=&#8221;default&#8221; column_element_spacing=&#8221;default&#8221; desktop_text_alignment=&#8221;default&#8221; tablet_text_alignment=&#8221;default&#8221; phone_text_alignment=&#8221;default&#8221; background_color_opacity=&#8221;1&#8243; background_hover_color_opacity=&#8221;1&#8243; column_backdrop_filter=&#8221;none&#8221; column_shadow=&#8221;none&#8221; column_border_radius=&#8221;none&#8221; column_link_target=&#8221;_self&#8221; overflow=&#8221;visible&#8221; gradient_direction=&#8221;left_to_right&#8221; overlay_strength=&#8221;0.3&#8243; width=&#8221;2\/3&#8243; tablet_width_inherit=&#8221;default&#8221; animation_type=&#8221;default&#8221; bg_image_animation=&#8221;none&#8221; border_type=&#8221;simple&#8221; column_border_width=&#8221;none&#8221; column_border_style=&#8221;solid&#8221;][split_line_heading animation_type=&#8221;line-reveal-by-space&#8221; font_style=&#8221;h1&#8243; text_color=&#8221;#000000&#8243; line_reveal_by_space_text_effect=&#8221;none&#8221; content_alignment=&#8221;default&#8221; mobile_content_alignment=&#8221;inherit&#8221; link_target=&#8221;_self&#8221; text_content=&#8221;S\u00e9rie RIIPS &#8211; Brochura&#8221; font_size=&#8221;23px&#8221; font_line_height=&#8221;30px&#8221; text_direction=&#8221;default&#8221; font_size_phone=&#8221;15px&#8221;][\/split_line_heading][\/vc_column_inner][vc_column_inner column_padding=&#8221;no-extra-padding&#8221; column_padding_tablet=&#8221;inherit&#8221; column_padding_phone=&#8221;padding-7-percent&#8221; column_padding_position=&#8221;bottom&#8221; top_margin_phone=&#8221;7%&#8221; column_element_direction_desktop=&#8221;default&#8221; column_element_spacing=&#8221;default&#8221; desktop_text_alignment=&#8221;default&#8221; tablet_text_alignment=&#8221;default&#8221; phone_text_alignment=&#8221;default&#8221; background_color_opacity=&#8221;1&#8243; background_hover_color_opacity=&#8221;1&#8243; column_backdrop_filter=&#8221;none&#8221; column_shadow=&#8221;none&#8221; column_border_radius=&#8221;none&#8221; column_link_target=&#8221;_self&#8221; overflow=&#8221;visible&#8221; gradient_direction=&#8221;left_to_right&#8221; overlay_strength=&#8221;0.3&#8243; width=&#8221;1\/3&#8243; tablet_width_inherit=&#8221;default&#8221; animation_type=&#8221;default&#8221; bg_image_animation=&#8221;none&#8221; border_type=&#8221;simple&#8221; column_border_width=&#8221;none&#8221; column_border_style=&#8221;solid&#8221; column_padding_type=&#8221;default&#8221; gradient_type=&#8221;default&#8221;][nectar_cta btn_style=&#8221;see-through&#8221; heading_tag=&#8221;span&#8221; border_radius=&#8221;40px&#8221; button_color=&#8221;default&#8221; button_color_hover=&#8221;#0059a2&#8243; text_color=&#8221;#0059a2&#8243; text_color_hover=&#8221;#ffffff&#8221; button_border_color=&#8221;#0059a2&#8243; button_border_color_hover=&#8221;#0059a2&#8243; button_border_thickness=&#8221;2px&#8221; link_type=&#8221;regular&#8221; alignment=&#8221;center&#8221; alignment_tablet=&#8221;left&#8221; alignment_phone=&#8221;left&#8221; constrain_group_3=&#8221;yes&#8221; constrain_group_4=&#8221;yes&#8221; display=&#8221;block&#8221; display_tablet=&#8221;inherit&#8221; display_phone=&#8221;inherit&#8221; font_size_desktop=&#8221;12px&#8221; url=&#8221;https:\/\/www.riverhillwater.com\/wp-content\/uploads\/2024\/05\/RIVERHILL_Water_Booster_Pump_System_ProductCatalogue_2024.pdf&#8221; padding_top=&#8221;18px&#8221; padding_bottom=&#8221;18px&#8221; padding_left=&#8221;35px&#8221; padding_right=&#8221;35px&#8221; link_text=&#8221;DOWNLOAD&#8221; font_size_phone=&#8221;12px&#8221;][\/vc_column_inner][\/vc_row_inner][\/vc_column][\/vc_row]\n","protected":false},"excerpt":{"rendered":"<p><strong>Sala de Bombas Inteligente Integrada RIIPS &#8211; Esta\u00e7\u00e3o de Bombas de Refor\u00e7o<\/strong><\/p>\n<p>A sala de bombas inteligente integrada \u00e9 utilizada principalmente para irriga\u00e7\u00e3o de terras agr\u00edcolas. Equivale a uma esta\u00e7\u00e3o de irriga\u00e7\u00e3o reformada. \u00c9 composta principalmente por tr\u00eas sistemas: o sistema de bombeamento de \u00e1gua, o sistema de tubula\u00e7\u00e3o, o sistema de controle inteligente e outros componentes, como fixadores, etc.<\/p>\n<p>O sistema de tubula\u00e7\u00e3o da sala de bombas inteligente consiste principalmente em tubula\u00e7\u00f5es de entrada e sa\u00edda de \u00e1gua, juntas flex\u00edveis de sa\u00edda, sistemas de tubula\u00e7\u00e3o de press\u00e3o, medidores de vaz\u00e3o e v\u00e1lvulas el\u00e9tricas. Os materiais das v\u00e1lvulas el\u00e9tricas podem ser esferas fundidas e tubula\u00e7\u00f5es de v\u00e1cuo.<\/p>\n<p>O sistema de controle inteligente da sala de bombas inteligente consiste principalmente em um gabinete de controle inteligente, sensor de n\u00edvel de l\u00edquido e acess\u00f3rios de instala\u00e7\u00e3o. Assim como a esta\u00e7\u00e3o de bombeamento elevat\u00f3ria integrada, o gabinete de controle inteligente tamb\u00e9m \u00e9 utilizado em conjunto com a esta\u00e7\u00e3o de bombeamento. Possui interfaces Ethernet e 485 reservadas, incluindo um m\u00f3dulo de monitoramento remoto sem fio.<\/p>\n","protected":false},"featured_media":3214,"template":"","meta":[],"product_brand":[],"product_cat":[58],"product_tag":[],"class_list":{"0":"post-3213","1":"product","2":"type-product","3":"status-publish","4":"has-post-thumbnail","6":"product_cat-water_supply_equipment-pt-br","8":"first","9":"instock","10":"shipping-taxable","11":"product-type-simple"},"_links":{"self":[{"href":"https:\/\/www.riverhillwater.com\/pt-br\/wp-json\/wp\/v2\/product\/3213","targetHints":{"allow":["GET"]}}],"collection":[{"href":"https:\/\/www.riverhillwater.com\/pt-br\/wp-json\/wp\/v2\/product"}],"about":[{"href":"https:\/\/www.riverhillwater.com\/pt-br\/wp-json\/wp\/v2\/types\/product"}],"wp:featuredmedia":[{"embeddable":true,"href":"https:\/\/www.riverhillwater.com\/pt-br\/wp-json\/wp\/v2\/media\/3214"}],"wp:attachment":[{"href":"https:\/\/www.riverhillwater.com\/pt-br\/wp-json\/wp\/v2\/media?parent=3213"}],"wp:term":[{"taxonomy":"product_brand","embeddable":true,"href":"https:\/\/www.riverhillwater.com\/pt-br\/wp-json\/wp\/v2\/product_brand?post=3213"},{"taxonomy":"product_cat","embeddable":true,"href":"https:\/\/www.riverhillwater.com\/pt-br\/wp-json\/wp\/v2\/product_cat?post=3213"},{"taxonomy":"product_tag","embeddable":true,"href":"https:\/\/www.riverhillwater.com\/pt-br\/wp-json\/wp\/v2\/product_tag?post=3213"}],"curies":[{"name":"wp","href":"https:\/\/api.w.org\/{rel}","templated":true}]}}